{"id":851,"date":"2021-10-03T17:33:11","date_gmt":"2021-10-03T15:33:11","guid":{"rendered":"http:\/\/lissenzephalie.de\/?page_id=851"},"modified":"2025-11-07T00:52:59","modified_gmt":"2025-11-06T22:52:59","slug":"mitglied-werden","status":"publish","type":"page","link":"https:\/\/lissenzephalie.de\/?page_id=851","title":{"rendered":"Mitglied werden"},"content":{"rendered":"\n<p>Werden Sie aktives oder f\u00f6rderndes Mitglied beim LISS e.V.. Eine gro\u00dfe Gruppe von Mitgliedern und Unterst\u00fctzern, schafft es, unseren Anliegen ein Bewusstsein zu verschaffen und die Forschung voranzubringen.<\/p>\n\n\n\n<p>Gerne sind juristische Personen (z. B. Firmen, Institutionen, Vereine, Organisationen usw.) als Mitglieder willkommen.<\/p>\n\n\n<div class=\"wp-block-image\">\n<figure class=\"alignleft is-resized\"><a href=\"https:\/\/lissenzephalie.de\/wp-content\/uploads\/2025\/11\/LISS-Aufnahmeantrag_20251004-Felder.pdf\" target=\"_blank\" rel=\"https:\/\/lissenzephalie.de\/wp-content\/uploads\/2017\/07\/LISS_e.V._AUFNAHMEANTRAG.pdf noreferrer noopener\"><img loading=\"lazy\" decoding=\"async\" width=\"201\" height=\"201\" src=\"https:\/\/lissenzephalie.de\/wp-content\/uploads\/2024\/01\/icio_pdf.jpeg\" alt=\"\" class=\"wp-image-1236\" style=\"width:133px;height:auto\" srcset=\"https:\/\/lissenzephalie.de\/wp-content\/uploads\/2024\/01\/icio_pdf.jpeg 201w, https:\/\/lissenzephalie.de\/wp-content\/uploads\/2024\/01\/icio_pdf-150x150.jpeg 150w, https:\/\/lissenzephalie.de\/wp-content\/uploads\/2024\/01\/icio_pdf-195x195.jpeg 195w, https:\/\/lissenzephalie.de\/wp-content\/uploads\/2024\/01\/icio_pdf-130x130.jpeg 130w, https:\/\/lissenzephalie.de\/wp-content\/uploads\/2024\/01\/icio_pdf-70x70.jpeg 70w, https:\/\/lissenzephalie.de\/wp-content\/uploads\/2024\/01\/icio_pdf-45x45.jpeg 45w\" sizes=\"auto, (max-width: 201px) 100vw, 201px\" \/><\/a><\/figure>\n<\/div>\n\n\n<p>Den <a href=\"https:\/\/lissenzephalie.de\/wp-content\/uploads\/2025\/11\/LISS-Aufnahmeantrag_20251004-Felder.pdf\">Aufnahmeantrag <\/a>bitte in BLOCKSCHRIFT ausf\u00fcllen und unterschrieben im Original als Brief an die genannte <a href=\"https:\/\/lissenzephalie.de\/?page_id=890\" data-type=\"page\" data-id=\"890\">Vereinsadresse<\/a> senden.<\/p>\n\n\n\n<p>Die <a href=\"https:\/\/lissenzephalie.de\/wp-content\/uploads\/2020\/09\/Satzung-Neu-2018.pdf\">Vereinsatzung<\/a> und <a rel=\"noreferrer noopener\" href=\"https:\/\/lissenzephalie.de\/wp-content\/uploads\/2021\/10\/Beitragsordnung.pdf\" target=\"_blank\">Beitrags-\/Geb\u00fchrenordnung<\/a> zur Kenntnisnahme.<\/p>\n\n\n\n<p>Gerne zur Weitergabe, habe wir unseren informativen <a title=\"Flyer\" rel=\"noopener noreferrer\" href=\"https:\/\/lissenzephalie.de\/wp-content\/uploads\/2015\/08\/Lissflyer_ANR.pdf\" target=\"_blank\">Flyer<\/a> zum Verteilen an Interessierte, um unsere spezifischen Information weiterzugeben. Wir danken f\u00fcr ihre tatkr\u00e4ftige Unterst\u00fctzung!<\/p>\n\n\n\n<p><\/p>\n","protected":false},"excerpt":{"rendered":"<p>Werden Sie aktives oder f\u00f6rderndes Mitglied beim LISS e.V.. Eine gro\u00dfe Gruppe von Mitgliedern und Unterst\u00fctzern, schafft es, unseren Anliegen ein Bewusstsein zu verschaffen und die Forschung voranzubringen. Gerne sind juristische Personen (z. B. Firmen, Institutionen, Vereine, Organisationen usw.) als Mitglieder willkommen. Den Aufnahmeantrag bitte in BLOCKSCHRIFT ausf\u00fcllen und unterschrieben im Original als Brief an [&hellip;]<\/p>\n","protected":false},"author":1,"featured_media":0,"parent":0,"menu_order":0,"comment_status":"closed","ping_status":"closed","template":"","meta":{"ngg_post_thumbnail":0,"footnotes":""},"class_list":["post-851","page","type-page","status-publish","hentry"],"_links":{"self":[{"href":"https:\/\/lissenzephalie.de\/index.php?rest_route=\/wp\/v2\/pages\/851","targetHints":{"allow":["GET"]}}],"collection":[{"href":"https:\/\/lissenzephalie.de\/index.php?rest_route=\/wp\/v2\/pages"}],"about":[{"href":"https:\/\/lissenzephalie.de\/index.php?rest_route=\/wp\/v2\/types\/page"}],"author":[{"embeddable":true,"href":"https:\/\/lissenzephalie.de\/index.php?rest_route=\/wp\/v2\/users\/1"}],"replies":[{"embeddable":true,"href":"https:\/\/lissenzephalie.de\/index.php?rest_route=%2Fwp%2Fv2%2Fcomments&post=851"}],"version-history":[{"count":9,"href":"https:\/\/lissenzephalie.de\/index.php?rest_route=\/wp\/v2\/pages\/851\/revisions"}],"predecessor-version":[{"id":1453,"href":"https:\/\/lissenzephalie.de\/index.php?rest_route=\/wp\/v2\/pages\/851\/revisions\/1453"}],"wp:attachment":[{"href":"https:\/\/lissenzephalie.de\/index.php?rest_route=%2Fwp%2Fv2%2Fmedia&parent=851"}],"curies":[{"name":"wp","href":"https:\/\/api.w.org\/{rel}","templated":true}]}}